{"id":5026,"date":"2022-10-18T11:25:08","date_gmt":"2022-10-18T09:25:08","guid":{"rendered":"https:\/\/evropasad.com\/the-main-board\/"},"modified":"2024-04-11T21:55:16","modified_gmt":"2024-04-11T19:55:16","slug":"the-main-board","status":"publish","type":"page","link":"https:\/\/evropasad.com\/en\/the-main-board\/","title":{"rendered":"The Main Board"},"content":{"rendered":"<p><div class=\"fusion-fullwidth fullwidth-box fusion-builder-row-1 fusion-flex-container has-pattern-background has-mask-background nonhundred-percent-fullwidth non-hundred-percent-height-scrolling\" style=\"--awb-border-radius-top-left:0px;--awb-border-radius-top-right:0px;--awb-border-radius-bottom-right:0px;--awb-border-radius-bottom-left:0px;--awb-flex-wrap:wrap;\" ><div class=\"fusion-builder-row fusion-row fusion-flex-align-items-flex-start fusion-flex-content-wrap\" style=\"max-width:1310.4px;margin-left: calc(-4% \/ 2 );margin-right: calc(-4% \/ 2 );\"><div class=\"fusion-layout-column fusion_builder_column fusion-builder-column-0 fusion_builder_column_1_1 1_1 fusion-flex-column\" style=\"--awb-bg-size:cover;--awb-width-large:100%;--awb-margin-top-large:0px;--awb-spacing-right-large:1.92%;--awb-margin-bottom-large:20px;--awb-spacing-left-large:1.92%;--awb-width-medium:100%;--awb-order-medium:0;--awb-spacing-right-medium:1.92%;--awb-spacing-left-medium:1.92%;--awb-width-small:100%;--awb-order-small:0;--awb-spacing-right-small:1.92%;--awb-spacing-left-small:1.92%;\"><div class=\"fusion-column-wrapper fusion-column-has-shadow fusion-flex-justify-content-flex-start fusion-content-layout-column\"><div class=\"fusion-text fusion-text-1\"><h1 style=\"text-align: center;\"><strong>The Main Board of the<\/strong> <em>Europe now! Movement<\/em><\/h1>\n<\/div><\/div><\/div><\/div><\/div><div class=\"fusion-fullwidth fullwidth-box fusion-builder-row-2 fusion-flex-container has-pattern-background has-mask-background nonhundred-percent-fullwidth non-hundred-percent-height-scrolling\" style=\"--awb-border-radius-top-left:0px;--awb-border-radius-top-right:0px;--awb-border-radius-bottom-right:0px;--awb-border-radius-bottom-left:0px;--awb-flex-wrap:wrap;\" ><div class=\"fusion-builder-row fusion-row fusion-flex-align-items-flex-start fusion-flex-content-wrap\" style=\"max-width:1310.4px;margin-left: calc(-4% \/ 2 );margin-right: calc(-4% \/ 2 );\"><div class=\"fusion-layout-column fusion_builder_column fusion-builder-column-1 fusion_builder_column_1_2 1_2 fusion-flex-column\" style=\"--awb-bg-size:cover;--awb-width-large:50%;--awb-margin-top-large:0px;--awb-spacing-right-large:3.84%;--awb-margin-bottom-large:20px;--awb-spacing-left-large:3.84%;--awb-width-medium:100%;--awb-order-medium:0;--awb-spacing-right-medium:1.92%;--awb-spacing-left-medium:1.92%;--awb-width-small:100%;--awb-order-small:0;--awb-spacing-right-small:1.92%;--awb-spacing-left-small:1.92%;\"><div class=\"fusion-column-wrapper fusion-column-has-shadow fusion-flex-justify-content-flex-start fusion-content-layout-column\"><div class=\"fusion-text fusion-text-2\"><div class=\"page\" title=\"Page 1\">\n<div class=\"layoutArea\">\n<div class=\"column\">Milojko Spajic\u0301<br \/>\nBoris Pejovic\u0301<br \/>\nMaida Gorc\u030cevic\u0301<br \/>\nTihomir Dragas\u030c<br \/>\nVasilije C\u030carapic\u0301<\/div>\n<div class=\"column\">Prof. dr An\u0111ela Jaks\u030cic\u0301 Stojanovic\u0301<br \/>\nBranko Krvavac<br \/>\nProf. dr Olivera Injac<br \/>\nDr Filip Ivanovic\u0301<br \/>\nFilip Radulovic\u0301<br \/>\nMirko \u0110ukic\u0301<br \/>\nPetra C\u030celebic\u0301<br \/>\nZdravko Kovac\u030cevic\u0301<br \/>\nDraz\u030cenka Laketic\u0301<br \/>\nDr Vojislav S\u030cimun<br \/>\nZdravko Tomic\u0301<br \/>\nBranislav Radic\u030cevic\u0301<br \/>\nBranka Markovic\u0301<br \/>\nNaida Nis\u030cic\u0301<br \/>\nJasna Jovanovic\u0301<br \/>\nAna Dulovic\u0301<br \/>\nEmil Osmanovic\u0301<br \/>\nFilip Boljevic\u0301<br \/>\nTamara Rosandi\u0107<br \/>\nAn\u0111ela Bulatovi\u0107<br \/>\nAngela Mi\u0107ovi\u0107<br \/>\nDenis Hot<br \/>\nFind a lakovi\u0107<br \/>\nArmen \u0160ehovi\u0107<br \/>\nIgor Babi\u0107, PhD<br \/>\nJelena Rakovi\u0107<\/div>\n<\/div>\n<\/div>\n<\/div><\/div><\/div><div class=\"fusion-layout-column fusion_builder_column fusion-builder-column-2 fusion_builder_column_1_2 1_2 fusion-flex-column\" style=\"--awb-bg-size:cover;--awb-width-large:50%;--awb-margin-top-large:0px;--awb-spacing-right-large:3.84%;--awb-margin-bottom-large:20px;--awb-spacing-left-large:3.84%;--awb-width-medium:100%;--awb-order-medium:0;--awb-spacing-right-medium:1.92%;--awb-spacing-left-medium:1.92%;--awb-width-small:100%;--awb-order-small:0;--awb-spacing-right-small:1.92%;--awb-spacing-left-small:1.92%;\"><div class=\"fusion-column-wrapper fusion-column-has-shadow fusion-flex-justify-content-flex-start fusion-content-layout-column\"><div class=\"fusion-text fusion-text-3\"><div class=\"page\" title=\"Page 1\">\n<div class=\"layoutArea\">\n<p style=\"margin: 0cm; text-align: left;\">Jelenka Andric\u0301<\/p>\n<p style=\"margin: 0cm; text-align: left;\">Almir Balic\u0301<\/p>\n<p style=\"margin: 0cm; text-align: left;\">Tonc\u0301i Janovic\u0301<br \/>\nNina Lakic\u030cevic\u0301<br \/>\nRadovan Novakovic\u0301<br \/>\nDr Dragana Vuc\u030cevic\u0301<br \/>\nAleksandar Grgurovic\u0301<\/p>\n<p style=\"margin: 0cm; text-align: left;\">Milivoje Lakic\u0301<br \/>\nJovana Radulovic\u0301<br \/>\nMilan Ze\u010devi\u0107<br \/>\nDra\u017een Petri\u0107<br \/>\nMilos\u030c Markovic\u0301<br \/>\nMilos\u030c Pantovic\u0301<br \/>\nDr Marko Stoiljkov<br \/>\nTijana Lakic\u0301evic\u0301 \u0110inovic\u0301<\/p>\n<p style=\"margin: 0cm; text-align: left;\">Vasilije Ivanovic\u0301<br \/>\nSemir Kurtagic\u0301<br \/>\nAlbin Kardovic\u0301<br \/>\nDr Dane Markovic\u0301<br \/>\nMarko Terzic\u0301<br \/>\nVladan Anic\u030cic\u0301<br \/>\nDarko Dragovi\u0107<br \/>\nMiodrag Lakovi\u0107<br \/>\nVladimir Bakra\u010d<br \/>\nUglje\u0161a Uro\u0161evi\u0107<br \/>\nVlade Bojovi\u0107<br \/>\nJelena Nedovi\u0107<br \/>\nMilo\u0161 Pi\u017eurica<\/p>\n<\/div>\n<\/div>\n<\/div><\/div><\/div><\/div><\/div><\/p>\n","protected":false},"excerpt":{"rendered":"","protected":false},"author":1,"featured_media":0,"parent":0,"menu_order":0,"comment_status":"closed","ping_status":"closed","template":"100-width.php","meta":{"footnotes":""},"class_list":["post-5026","page","type-page","status-publish","hentry"],"yoast_head":"<!-- This site is optimized with the Yoast SEO plugin v27.1.1 - https:\/\/yoast.com\/product\/yoast-seo-wordpress\/ -->\n<title>The Main Board<\/title>\n<meta name=\"description\" content=\"The Main Board of the Europe Now! Movement\" \/>\n<meta name=\"robots\" content=\"index, follow, max-snippet:-1, max-image-preview:large, max-video-preview:-1\" \/>\n<link rel=\"canonical\" href=\"https:\/\/evropasad.com\/en\/the-main-board\/\" \/>\n<meta property=\"og:locale\" content=\"en_US\" \/>\n<meta property=\"og:type\" content=\"article\" \/>\n<meta property=\"og:title\" content=\"The Main Board\" \/>\n<meta property=\"og:description\" content=\"The Main Board of the Europe Now! Movement\" \/>\n<meta property=\"og:url\" content=\"https:\/\/evropasad.com\/en\/the-main-board\/\" \/>\n<meta property=\"og:site_name\" content=\"Pokret Evropa sad!\" \/>\n<meta property=\"article:publisher\" content=\"https:\/\/www.facebook.com\/EvropaSadPodgorica\" \/>\n<meta property=\"article:modified_time\" content=\"2024-04-11T19:55:16+00:00\" \/>\n<meta property=\"og:image\" content=\"https:\/\/evropasad.com\/wp-content\/uploads\/2022\/07\/289047303_139382968707298_2423050601920923273_n.png\" \/>\n\t<meta property=\"og:image:width\" content=\"1640\" \/>\n\t<meta property=\"og:image:height\" content=\"924\" \/>\n\t<meta property=\"og:image:type\" content=\"image\/png\" \/>\n<meta name=\"twitter:card\" content=\"summary_large_image\" \/>\n<meta name=\"twitter:site\" content=\"@pokretevropasad\" \/>\n<meta name=\"twitter:label1\" content=\"Est. reading time\" \/>\n\t<meta name=\"twitter:data1\" content=\"10 minutes\" \/>\n<script type=\"application\/ld+json\" class=\"yoast-schema-graph\">{\"@context\":\"https:\/\/schema.org\",\"@graph\":[{\"@type\":\"WebPage\",\"@id\":\"https:\/\/evropasad.com\/en\/the-main-board\/\",\"url\":\"https:\/\/evropasad.com\/en\/the-main-board\/\",\"name\":\"The Main Board\",\"isPartOf\":{\"@id\":\"https:\/\/evropasad.com\/en\/#website\"},\"datePublished\":\"2022-10-18T09:25:08+00:00\",\"dateModified\":\"2024-04-11T19:55:16+00:00\",\"description\":\"The Main Board of the Europe Now! Movement\",\"breadcrumb\":{\"@id\":\"https:\/\/evropasad.com\/en\/the-main-board\/#breadcrumb\"},\"inLanguage\":\"en-US\",\"potentialAction\":[{\"@type\":\"ReadAction\",\"target\":[\"https:\/\/evropasad.com\/en\/the-main-board\/\"]}]},{\"@type\":\"BreadcrumbList\",\"@id\":\"https:\/\/evropasad.com\/en\/the-main-board\/#breadcrumb\",\"itemListElement\":[{\"@type\":\"ListItem\",\"position\":1,\"name\":\"Home\",\"item\":\"https:\/\/evropasad.com\/en\/\"},{\"@type\":\"ListItem\",\"position\":2,\"name\":\"The Main Board\"}]},{\"@type\":\"WebSite\",\"@id\":\"https:\/\/evropasad.com\/en\/#website\",\"url\":\"https:\/\/evropasad.com\/en\/\",\"name\":\"Pokret Evropa sad!\",\"description\":\"U\u010dinimo Crnu Goru najboljom zemljom na svijetu!\",\"publisher\":{\"@id\":\"https:\/\/evropasad.com\/en\/#organization\"},\"potentialAction\":[{\"@type\":\"SearchAction\",\"target\":{\"@type\":\"EntryPoint\",\"urlTemplate\":\"https:\/\/evropasad.com\/en\/?s={search_term_string}\"},\"query-input\":{\"@type\":\"PropertyValueSpecification\",\"valueRequired\":true,\"valueName\":\"search_term_string\"}}],\"inLanguage\":\"en-US\"},{\"@type\":\"Organization\",\"@id\":\"https:\/\/evropasad.com\/en\/#organization\",\"name\":\"Pokret Evropa sad!\",\"url\":\"https:\/\/evropasad.com\/en\/\",\"logo\":{\"@type\":\"ImageObject\",\"inLanguage\":\"en-US\",\"@id\":\"https:\/\/evropasad.com\/en\/#\/schema\/logo\/image\/\",\"url\":\"https:\/\/evropasad.com\/wp-content\/uploads\/2022\/06\/pes_logo_za_web-v.png\",\"contentUrl\":\"https:\/\/evropasad.com\/wp-content\/uploads\/2022\/06\/pes_logo_za_web-v.png\",\"width\":1920,\"height\":1080,\"caption\":\"Pokret Evropa sad!\"},\"image\":{\"@id\":\"https:\/\/evropasad.com\/en\/#\/schema\/logo\/image\/\"},\"sameAs\":[\"https:\/\/www.facebook.com\/EvropaSadPodgorica\",\"https:\/\/x.com\/pokretevropasad\",\"https:\/\/instagram.com\/pokretevropasad\",\"https:\/\/www.youtube.com\/channel\/UCAnbmPC5n1NXQSGaRMv9r1w\"]}]}<\/script>\n<!-- \/ Yoast SEO plugin. -->","yoast_head_json":{"title":"The Main Board","description":"The Main Board of the Europe Now! Movement","robots":{"index":"index","follow":"follow","max-snippet":"max-snippet:-1","max-image-preview":"max-image-preview:large","max-video-preview":"max-video-preview:-1"},"canonical":"https:\/\/evropasad.com\/en\/the-main-board\/","og_locale":"en_US","og_type":"article","og_title":"The Main Board","og_description":"The Main Board of the Europe Now! Movement","og_url":"https:\/\/evropasad.com\/en\/the-main-board\/","og_site_name":"Pokret Evropa sad!","article_publisher":"https:\/\/www.facebook.com\/EvropaSadPodgorica","article_modified_time":"2024-04-11T19:55:16+00:00","og_image":[{"width":1640,"height":924,"url":"https:\/\/evropasad.com\/wp-content\/uploads\/2022\/07\/289047303_139382968707298_2423050601920923273_n.png","type":"image\/png"}],"twitter_card":"summary_large_image","twitter_site":"@pokretevropasad","twitter_misc":{"Est. reading time":"10 minutes"},"schema":{"@context":"https:\/\/schema.org","@graph":[{"@type":"WebPage","@id":"https:\/\/evropasad.com\/en\/the-main-board\/","url":"https:\/\/evropasad.com\/en\/the-main-board\/","name":"The Main Board","isPartOf":{"@id":"https:\/\/evropasad.com\/en\/#website"},"datePublished":"2022-10-18T09:25:08+00:00","dateModified":"2024-04-11T19:55:16+00:00","description":"The Main Board of the Europe Now! Movement","breadcrumb":{"@id":"https:\/\/evropasad.com\/en\/the-main-board\/#breadcrumb"},"inLanguage":"en-US","potentialAction":[{"@type":"ReadAction","target":["https:\/\/evropasad.com\/en\/the-main-board\/"]}]},{"@type":"BreadcrumbList","@id":"https:\/\/evropasad.com\/en\/the-main-board\/#breadcrumb","itemListElement":[{"@type":"ListItem","position":1,"name":"Home","item":"https:\/\/evropasad.com\/en\/"},{"@type":"ListItem","position":2,"name":"The Main Board"}]},{"@type":"WebSite","@id":"https:\/\/evropasad.com\/en\/#website","url":"https:\/\/evropasad.com\/en\/","name":"Pokret Evropa sad!","description":"U\u010dinimo Crnu Goru najboljom zemljom na svijetu!","publisher":{"@id":"https:\/\/evropasad.com\/en\/#organization"},"potentialAction":[{"@type":"SearchAction","target":{"@type":"EntryPoint","urlTemplate":"https:\/\/evropasad.com\/en\/?s={search_term_string}"},"query-input":{"@type":"PropertyValueSpecification","valueRequired":true,"valueName":"search_term_string"}}],"inLanguage":"en-US"},{"@type":"Organization","@id":"https:\/\/evropasad.com\/en\/#organization","name":"Pokret Evropa sad!","url":"https:\/\/evropasad.com\/en\/","logo":{"@type":"ImageObject","inLanguage":"en-US","@id":"https:\/\/evropasad.com\/en\/#\/schema\/logo\/image\/","url":"https:\/\/evropasad.com\/wp-content\/uploads\/2022\/06\/pes_logo_za_web-v.png","contentUrl":"https:\/\/evropasad.com\/wp-content\/uploads\/2022\/06\/pes_logo_za_web-v.png","width":1920,"height":1080,"caption":"Pokret Evropa sad!"},"image":{"@id":"https:\/\/evropasad.com\/en\/#\/schema\/logo\/image\/"},"sameAs":["https:\/\/www.facebook.com\/EvropaSadPodgorica","https:\/\/x.com\/pokretevropasad","https:\/\/instagram.com\/pokretevropasad","https:\/\/www.youtube.com\/channel\/UCAnbmPC5n1NXQSGaRMv9r1w"]}]}},"_links":{"self":[{"href":"https:\/\/evropasad.com\/en\/wp-json\/wp\/v2\/pages\/5026","targetHints":{"allow":["GET"]}}],"collection":[{"href":"https:\/\/evropasad.com\/en\/wp-json\/wp\/v2\/pages"}],"about":[{"href":"https:\/\/evropasad.com\/en\/wp-json\/wp\/v2\/types\/page"}],"author":[{"embeddable":true,"href":"https:\/\/evropasad.com\/en\/wp-json\/wp\/v2\/users\/1"}],"replies":[{"embeddable":true,"href":"https:\/\/evropasad.com\/en\/wp-json\/wp\/v2\/comments?post=5026"}],"version-history":[{"count":3,"href":"https:\/\/evropasad.com\/en\/wp-json\/wp\/v2\/pages\/5026\/revisions"}],"predecessor-version":[{"id":6342,"href":"https:\/\/evropasad.com\/en\/wp-json\/wp\/v2\/pages\/5026\/revisions\/6342"}],"wp:attachment":[{"href":"https:\/\/evropasad.com\/en\/wp-json\/wp\/v2\/media?parent=5026"}],"curies":[{"name":"wp","href":"https:\/\/api.w.org\/{rel}","templated":true}]}}